{"id":2847,"date":"2022-08-16T16:39:39","date_gmt":"2022-08-16T14:39:39","guid":{"rendered":"http:\/\/kalczynski-consult.com\/site-notice\/"},"modified":"2022-09-09T16:54:00","modified_gmt":"2022-09-09T14:54:00","slug":"site-notice","status":"publish","type":"page","link":"https:\/\/kalczynski-consult.com\/en\/site-notice\/","title":{"rendered":"Site Notice"},"content":{"rendered":"\t\t<div data-elementor-type=\"wp-page\" data-elementor-id=\"2847\" class=\"elementor elementor-2847\">\n\t\t\t\t\t\t<section class=\"elementor-section elementor-top-section elementor-element elementor-element-7c8717b elementor-section-boxed elementor-section-height-default elementor-section-height-default\" data-id=\"7c8717b\" data-element_type=\"section\" data-e-type=\"section\">\n\t\t\t\t\t\t<div class=\"elementor-container elementor-column-gap-default\">\n\t\t\t\t\t<div class=\"elementor-column elementor-col-100 elementor-top-column elementor-element elementor-element-01a62db\" data-id=\"01a62db\" data-element_type=\"column\" data-e-type=\"column\">\n\t\t\t<div class=\"elementor-widget-wrap elementor-element-populated\">\n\t\t\t\t\t\t<section class=\"elementor-section elementor-inner-section elementor-element elementor-element-5ff9feb elementor-section-boxed elementor-section-height-default elementor-section-height-default\" data-id=\"5ff9feb\" data-element_type=\"section\" data-e-type=\"section\">\n\t\t\t\t\t\t<div class=\"elementor-container elementor-column-gap-default\">\n\t\t\t\t\t<div class=\"elementor-column elementor-col-100 elementor-inner-column elementor-element elementor-element-feeaef4\" data-id=\"feeaef4\" data-element_type=\"column\" data-e-type=\"column\">\n\t\t\t<div class=\"elementor-widget-wrap elementor-element-populated\">\n\t\t\t\t\t\t<div class=\"elementor-element elementor-element-8faed03 sprung elementor-widget elementor-widget-menu-anchor\" data-id=\"8faed03\" data-element_type=\"widget\" data-e-type=\"widget\" data-widget_type=\"menu-anchor.default\">\n\t\t\t\t<div class=\"elementor-widget-container\">\n\t\t\t\t\t\t\t<div class=\"elementor-menu-anchor\" id=\"company\"><\/div>\n\t\t\t\t\t\t<\/div>\n\t\t\t\t<\/div>\n\t\t\t\t<div class=\"elementor-element elementor-element-8e03d95 elementor-widget elementor-widget-heading\" data-id=\"8e03d95\" data-element_type=\"widget\" data-e-type=\"widget\" data-widget_type=\"heading.default\">\n\t\t\t\t<div class=\"elementor-widget-container\">\n\t\t\t\t\t<h1 class=\"elementor-heading-title elementor-size-default\">Site Notice<\/h1>\t\t\t\t<\/div>\n\t\t\t\t<\/div>\n\t\t\t\t<div class=\"elementor-element elementor-element-21b3d67 elementor-widget elementor-widget-text-editor\" data-id=\"21b3d67\" data-element_type=\"widget\" data-e-type=\"widget\" data-widget_type=\"text-editor.default\">\n\t\t\t\t<div class=\"elementor-widget-container\">\n\t\t\t\t\t\t\t\t\t<h4>Information pursuant to Sect. 5 German Telemedia Act (TMG)<\/h4><p>Kalczynski Consult GmbH<br \/>Josef-Kogler-Stra\u00dfe 11<br \/>82031 Gr\u00fcnwald<\/p><p>Commercial Register: HRB 277202<br \/>Registration court: Amtsgericht M\u00fcnchen<\/p><p><strong>Represented by:<\/strong><br \/>Daniel Kalczynski<\/p><h4>Contact<\/h4><p>Phone: +49 173 1587503<br \/>E-Mail: mail@kalczynski-consult.com<\/p><h4>VAT ID<\/h4><p>Sales tax identification number according to Sect. 27 a of the Sales Tax Law:<br \/>UST-ID DE354823733<\/p><h4>EU dispute resolution<\/h4><p>The European Commission provides a platform for online dispute resolution (ODR): <a href=\"https:\/\/ec.europa.eu\/consumers\/odr\/\" target=\"_blank\" rel=\"noopener noreferrer\">https:\/\/ec.europa.eu\/consumers\/odr\/<\/a>.<br \/>Our e-mail address can be found above in the site notice.<\/p><h4>Dispute resolution proceedings in front of a consumer arbitration board<\/h4><p>We are not willing or obliged to participate in dispute resolution proceedings in front of a consumer arbitration board.<\/p><h4>Liability for contents<\/h4><p>As a service provider, we are responsible for our own content on these pages in accordance with general legislation pursuant to Section 7 (1) of the German Telemedia Act (TMG). However, according to \u00a7\u00a7 8 to 10 TMG, we are not obliged as a service provider to monitor transmitted or stored third-party information or to investigate circumstances that indicate illegal activity.<\/p><p>Obligations to remove or block the use of information in accordance with general laws remain unaffected by this. However, liability in this regard is only possible from the time of knowledge of a concrete infringement. If we become aware of corresponding infringements, we will remove this content immediately.<\/p><h4>Liability for links<\/h4><p>Our offer contains links to external websites of third parties, on whose contents we have no influence. Therefore, we cannot assume any liability for these external contents. The respective provider or operator of the pages is always responsible for the content of the linked pages. The linked pages were checked for possible legal violations at the time of linking. Illegal contents were not recognisable at the time of linking.<\/p><p>However, a permanent control of the contents of the linked pages is not reasonable without concrete evidence of a violation of the law. If we become aware of any infringements of the law, we will remove such links immediately.<\/p><h4>Copyright<\/h4><p>The content and works created by the site operators on these pages are subject to German copyright law. Duplication, processing, distribution and any kind of exploitation outside the limits of copyright law require the written consent of the respective author or creator. Downloads and copies of this site are only permitted for private, non-commercial use.<\/p><p>Insofar as the content on this page was not created by the operator, the copyrights of third parties are respected. In particular, third-party content is identified as such. Should you nevertheless become aware of a copyright infringement, please inform us accordingly. If we become aware of any infringements, we will remove such content immediately.<\/p><h4>Photo<\/h4><p>Photo by <a href=\"https:\/\/unsplash.com\/@hjrc33?utm_source=unsplash&amp;utm_medium=referral&amp;utm_content=creditCopyText\">H\u00e9ctor J. Rivas<\/a> on <a href=\"https:\/\/unsplash.com\/s\/visual\/774c12c4-5df5-4a5a-8ec3-ae9d94094b6f?utm_source=unsplash&amp;utm_medium=referral&amp;utm_content=creditCopyText\">Unsplash<\/a><\/p><p>Web-Design: <a href=\"https:\/\/ankehommer.com\" target=\"_blank\" rel=\"noopener\">Anke Hommer | Markenberatung<\/a><\/p>\t\t\t\t\t\t\t\t<\/div>\n\t\t\t\t<\/div>\n\t\t\t\t\t<\/div>\n\t\t<\/div>\n\t\t\t\t\t<\/div>\n\t\t<\/section>\n\t\t\t\t\t<\/div>\n\t\t<\/div>\n\t\t\t\t\t<\/div>\n\t\t<\/section>\n\t\t\t\t<section class=\"elementor-section elementor-top-section elementor-element elementor-element-10e9f78 elementor-section-full_width elementor-section-height-default elementor-section-height-default\" data-id=\"10e9f78\" data-element_type=\"section\" data-e-type=\"section\" data-settings=\"{&quot;background_background&quot;:&quot;classic&quot;}\">\n\t\t\t\t\t\t<div class=\"elementor-container elementor-column-gap-default\">\n\t\t\t\t\t<div class=\"elementor-column elementor-col-100 elementor-top-column elementor-element elementor-element-6b250ea\" data-id=\"6b250ea\" data-element_type=\"column\" data-e-type=\"column\">\n\t\t\t<div class=\"elementor-widget-wrap elementor-element-populated\">\n\t\t\t\t\t\t<section class=\"elementor-section elementor-inner-section elementor-element elementor-element-7702301 elementor-section-boxed elementor-section-height-default elementor-section-height-default\" data-id=\"7702301\" data-element_type=\"section\" data-e-type=\"section\" data-settings=\"{&quot;background_background&quot;:&quot;classic&quot;}\">\n\t\t\t\t\t\t<div class=\"elementor-container elementor-column-gap-default\">\n\t\t\t\t\t<div class=\"elementor-column elementor-col-50 elementor-inner-column elementor-element elementor-element-0d3f242\" data-id=\"0d3f242\" data-element_type=\"column\" data-e-type=\"column\">\n\t\t\t<div class=\"elementor-widget-wrap elementor-element-populated\">\n\t\t\t\t\t\t<div class=\"elementor-element elementor-element-4a49646 elementor-widget elementor-widget-text-editor\" data-id=\"4a49646\" data-element_type=\"widget\" data-e-type=\"widget\" data-widget_type=\"text-editor.default\">\n\t\t\t\t<div class=\"elementor-widget-container\">\n\t\t\t\t\t\t\t\t\t<p>\u00a9 Copyright Kalczynski Consult GmbH | All rights reserved<\/p>\t\t\t\t\t\t\t\t<\/div>\n\t\t\t\t<\/div>\n\t\t\t\t\t<\/div>\n\t\t<\/div>\n\t\t\t\t<div class=\"elementor-column elementor-col-50 elementor-inner-column elementor-element elementor-element-7246ac6\" data-id=\"7246ac6\" data-element_type=\"column\" data-e-type=\"column\">\n\t\t\t<div class=\"elementor-widget-wrap elementor-element-populated\">\n\t\t\t\t\t\t<div class=\"elementor-element elementor-element-abc6072 elementor-widget elementor-widget-text-editor\" data-id=\"abc6072\" data-element_type=\"widget\" data-e-type=\"widget\" data-widget_type=\"text-editor.default\">\n\t\t\t\t<div class=\"elementor-widget-container\">\n\t\t\t\t\t\t\t\t\t<p style=\"text-align: right;\"><a class=\"white\" href=\"https:\/\/kalczynski-consult.com\/en\/site-notice\/\">Site Notice<\/a> | <a class=\"white\" href=\"https:\/\/kalczynski-consult.com\/en\/privacy-policy\/\">Privacy Policy<\/a><\/p>\t\t\t\t\t\t\t\t<\/div>\n\t\t\t\t<\/div>\n\t\t\t\t\t<\/div>\n\t\t<\/div>\n\t\t\t\t\t<\/div>\n\t\t<\/section>\n\t\t\t\t\t<\/div>\n\t\t<\/div>\n\t\t\t\t\t<\/div>\n\t\t<\/section>\n\t\t\t\t<\/div>\n\t\t","protected":false},"excerpt":{"rendered":"<p>Site Notice Information pursuant to Sect. 5 German Telemedia Act (TMG) Kalczynski Consult GmbHJosef-Kogler-Stra\u00dfe 1182031 Gr\u00fcnwald Commercial Register: HRB 277202Registration court: Amtsgericht M\u00fcnchen Represented by:Daniel Kalczynski Contact Phone: +49 173 1587503E-Mail: mail@kalczynski-consult.com VAT ID Sales tax identification number according to Sect. 27 a of the Sales Tax Law:UST-ID DE354823733 EU dispute resolution The European Commission &hellip;<\/p>\n","protected":false},"author":1,"featured_media":0,"parent":0,"menu_order":0,"comment_status":"closed","ping_status":"closed","template":"","meta":{"footnotes":""},"class_list":["post-2847","page","type-page","status-publish","hentry"],"_links":{"self":[{"href":"https:\/\/kalczynski-consult.com\/en\/wp-json\/wp\/v2\/pages\/2847","targetHints":{"allow":["GET"]}}],"collection":[{"href":"https:\/\/kalczynski-consult.com\/en\/wp-json\/wp\/v2\/pages"}],"about":[{"href":"https:\/\/kalczynski-consult.com\/en\/wp-json\/wp\/v2\/types\/page"}],"author":[{"embeddable":true,"href":"https:\/\/kalczynski-consult.com\/en\/wp-json\/wp\/v2\/users\/1"}],"replies":[{"embeddable":true,"href":"https:\/\/kalczynski-consult.com\/en\/wp-json\/wp\/v2\/comments?post=2847"}],"version-history":[{"count":10,"href":"https:\/\/kalczynski-consult.com\/en\/wp-json\/wp\/v2\/pages\/2847\/revisions"}],"predecessor-version":[{"id":2945,"href":"https:\/\/kalczynski-consult.com\/en\/wp-json\/wp\/v2\/pages\/2847\/revisions\/2945"}],"wp:attachment":[{"href":"https:\/\/kalczynski-consult.com\/en\/wp-json\/wp\/v2\/media?parent=2847"}],"curies":[{"name":"wp","href":"https:\/\/api.w.org\/{rel}","templated":true}]}}